{"id":14,"date":"2025-09-07T23:18:42","date_gmt":"2025-09-07T23:18:42","guid":{"rendered":"https:\/\/ilusionfess.com\/?page_id=14"},"modified":"2025-09-08T03:27:36","modified_gmt":"2025-09-08T03:27:36","slug":"inicio","status":"publish","type":"page","link":"https:\/\/ilusionfess.com\/","title":{"rendered":"Inicio"},"content":{"rendered":"\t\t<div data-elementor-type=\"wp-page\" data-elementor-id=\"14\" class=\"elementor elementor-14\">\n\t\t\t\t<div class=\"elementor-element elementor-element-6bac13d e-flex e-con-boxed e-con e-parent\" data-id=\"6bac13d\" data-element_type=\"container\">\n\t\t\t\t\t<div class=\"e-con-inner\">\n\t\t\t\t<div class=\"elementor-element elementor-element-71fcaf7 elementor-widget elementor-widget-image\" data-id=\"71fcaf7\" data-element_type=\"widget\" data-widget_type=\"image.default\">\n\t\t\t\t\t\t\t\t\t\t\t\t\t\t\t<img fetchpriority=\"high\" decoding=\"async\" width=\"1920\" height=\"1080\" src=\"https:\/\/ilusionfess.com\/wp-content\/uploads\/2025\/09\/Alquiler-de-Equipos-para-Fiestas-en-Chiriqui-2.png\" class=\"attachment-full size-full wp-image-27\" alt=\"\" srcset=\"https:\/\/ilusionfess.com\/wp-content\/uploads\/2025\/09\/Alquiler-de-Equipos-para-Fiestas-en-Chiriqui-2.png 1920w, https:\/\/ilusionfess.com\/wp-content\/uploads\/2025\/09\/Alquiler-de-Equipos-para-Fiestas-en-Chiriqui-2-300x169.png 300w, https:\/\/ilusionfess.com\/wp-content\/uploads\/2025\/09\/Alquiler-de-Equipos-para-Fiestas-en-Chiriqui-2-1024x576.png 1024w, https:\/\/ilusionfess.com\/wp-content\/uploads\/2025\/09\/Alquiler-de-Equipos-para-Fiestas-en-Chiriqui-2-768x432.png 768w, https:\/\/ilusionfess.com\/wp-content\/uploads\/2025\/09\/Alquiler-de-Equipos-para-Fiestas-en-Chiriqui-2-1536x864.png 1536w, https:\/\/ilusionfess.com\/wp-content\/uploads\/2025\/09\/Alquiler-de-Equipos-para-Fiestas-en-Chiriqui-2-600x338.png 600w\" sizes=\"(max-width: 1920px) 100vw, 1920px\" \/>\t\t\t\t\t\t\t\t\t\t\t\t\t\t\t<\/div>\n\t\t\t\t\t<\/div>\n\t\t\t\t<\/div>\n\t\t<div class=\"elementor-element elementor-element-b10d522 e-flex e-con-boxed e-con e-parent\" data-id=\"b10d522\" data-element_type=\"container\">\n\t\t\t\t\t<div class=\"e-con-inner\">\n\t\t<div class=\"elementor-element elementor-element-3815e3b e-con-full e-flex e-con e-child\" data-id=\"3815e3b\" data-element_type=\"container\">\n\t\t\t\t<div class=\"elementor-element elementor-element-b63c275 elementor-widget elementor-widget-image\" data-id=\"b63c275\" data-element_type=\"widget\" data-widget_type=\"image.default\">\n\t\t\t\t\t\t\t\t\t\t\t\t\t\t\t<img decoding=\"async\" width=\"600\" height=\"400\" src=\"https:\/\/ilusionfess.com\/wp-content\/uploads\/2025\/09\/ChatGPT-Image-7-sept-2025-07_19_32-p.m-600x400.png\" class=\"attachment-woocommerce_single size-woocommerce_single wp-image-32\" alt=\"\" srcset=\"https:\/\/ilusionfess.com\/wp-content\/uploads\/2025\/09\/ChatGPT-Image-7-sept-2025-07_19_32-p.m-600x400.png 600w, https:\/\/ilusionfess.com\/wp-content\/uploads\/2025\/09\/ChatGPT-Image-7-sept-2025-07_19_32-p.m-300x200.png 300w, https:\/\/ilusionfess.com\/wp-content\/uploads\/2025\/09\/ChatGPT-Image-7-sept-2025-07_19_32-p.m-1024x683.png 1024w, https:\/\/ilusionfess.com\/wp-content\/uploads\/2025\/09\/ChatGPT-Image-7-sept-2025-07_19_32-p.m-768x512.png 768w, https:\/\/ilusionfess.com\/wp-content\/uploads\/2025\/09\/ChatGPT-Image-7-sept-2025-07_19_32-p.m.png 1536w\" sizes=\"(max-width: 600px) 100vw, 600px\" \/>\t\t\t\t\t\t\t\t\t\t\t\t\t\t\t<\/div>\n\t\t\t\t<div class=\"elementor-element elementor-element-5f21610 elementor-widget elementor-widget-heading\" data-id=\"5f21610\" data-element_type=\"widget\" data-widget_type=\"heading.default\">\n\t\t\t\t\t<h2 class=\"elementor-heading-title elementor-size-default\">Sillas<\/h2>\t\t\t\t<\/div>\n\t\t\t\t<\/div>\n\t\t<div class=\"elementor-element elementor-element-b3c8287 e-con-full e-flex e-con e-child\" data-id=\"b3c8287\" data-element_type=\"container\">\n\t\t\t\t<div class=\"elementor-element elementor-element-b966bee elementor-widget elementor-widget-image\" data-id=\"b966bee\" data-element_type=\"widget\" data-widget_type=\"image.default\">\n\t\t\t\t\t\t\t\t\t\t\t\t\t\t\t<img decoding=\"async\" width=\"1024\" height=\"683\" src=\"https:\/\/ilusionfess.com\/wp-content\/uploads\/2025\/09\/ChatGPT-Image-7-sept-2025-07_21_38-p.m-1024x683.png\" class=\"attachment-large size-large wp-image-36\" alt=\"\" srcset=\"https:\/\/ilusionfess.com\/wp-content\/uploads\/2025\/09\/ChatGPT-Image-7-sept-2025-07_21_38-p.m-1024x683.png 1024w, https:\/\/ilusionfess.com\/wp-content\/uploads\/2025\/09\/ChatGPT-Image-7-sept-2025-07_21_38-p.m-300x200.png 300w, https:\/\/ilusionfess.com\/wp-content\/uploads\/2025\/09\/ChatGPT-Image-7-sept-2025-07_21_38-p.m-768x512.png 768w, https:\/\/ilusionfess.com\/wp-content\/uploads\/2025\/09\/ChatGPT-Image-7-sept-2025-07_21_38-p.m-600x400.png 600w, https:\/\/ilusionfess.com\/wp-content\/uploads\/2025\/09\/ChatGPT-Image-7-sept-2025-07_21_38-p.m.png 1536w\" sizes=\"(max-width: 1024px) 100vw, 1024px\" \/>\t\t\t\t\t\t\t\t\t\t\t\t\t\t\t<\/div>\n\t\t\t\t<div class=\"elementor-element elementor-element-64bcc5a elementor-widget elementor-widget-heading\" data-id=\"64bcc5a\" data-element_type=\"widget\" data-widget_type=\"heading.default\">\n\t\t\t\t\t<h2 class=\"elementor-heading-title elementor-size-default\">Mesas<\/h2>\t\t\t\t<\/div>\n\t\t\t\t<\/div>\n\t\t<div class=\"elementor-element elementor-element-209a495 e-con-full e-flex e-con e-child\" data-id=\"209a495\" data-element_type=\"container\">\n\t\t\t\t<div class=\"elementor-element elementor-element-f2892c3 elementor-widget elementor-widget-image\" data-id=\"f2892c3\" data-element_type=\"widget\" data-widget_type=\"image.default\">\n\t\t\t\t\t\t\t\t\t\t\t\t\t\t\t<img loading=\"lazy\" decoding=\"async\" width=\"1024\" height=\"683\" src=\"https:\/\/ilusionfess.com\/wp-content\/uploads\/2025\/09\/ChatGPT-Image-7-sept-2025-07_34_26-p.m-1024x683.png\" class=\"attachment-large size-large wp-image-40\" alt=\"\" srcset=\"https:\/\/ilusionfess.com\/wp-content\/uploads\/2025\/09\/ChatGPT-Image-7-sept-2025-07_34_26-p.m-1024x683.png 1024w, https:\/\/ilusionfess.com\/wp-content\/uploads\/2025\/09\/ChatGPT-Image-7-sept-2025-07_34_26-p.m-300x200.png 300w, https:\/\/ilusionfess.com\/wp-content\/uploads\/2025\/09\/ChatGPT-Image-7-sept-2025-07_34_26-p.m-768x512.png 768w, https:\/\/ilusionfess.com\/wp-content\/uploads\/2025\/09\/ChatGPT-Image-7-sept-2025-07_34_26-p.m-600x400.png 600w, https:\/\/ilusionfess.com\/wp-content\/uploads\/2025\/09\/ChatGPT-Image-7-sept-2025-07_34_26-p.m.png 1536w\" sizes=\"(max-width: 1024px) 100vw, 1024px\" \/>\t\t\t\t\t\t\t\t\t\t\t\t\t\t\t<\/div>\n\t\t\t\t<div class=\"elementor-element elementor-element-9d0c288 elementor-widget elementor-widget-heading\" data-id=\"9d0c288\" data-element_type=\"widget\" data-widget_type=\"heading.default\">\n\t\t\t\t\t<h2 class=\"elementor-heading-title elementor-size-default\">Manteles<\/h2>\t\t\t\t<\/div>\n\t\t\t\t<\/div>\n\t\t<div class=\"elementor-element elementor-element-1f4f1b1 e-con-full e-flex e-con e-child\" data-id=\"1f4f1b1\" data-element_type=\"container\">\n\t\t\t\t<div class=\"elementor-element elementor-element-e6bef84 elementor-widget elementor-widget-image\" data-id=\"e6bef84\" data-element_type=\"widget\" data-widget_type=\"image.default\">\n\t\t\t\t\t\t\t\t\t\t\t\t\t\t\t<img loading=\"lazy\" decoding=\"async\" width=\"1024\" height=\"683\" src=\"https:\/\/ilusionfess.com\/wp-content\/uploads\/2025\/09\/ChatGPT-Image-7-sept-2025-07_38_28-p.m-1024x683.png\" class=\"attachment-large size-large wp-image-44\" alt=\"\" srcset=\"https:\/\/ilusionfess.com\/wp-content\/uploads\/2025\/09\/ChatGPT-Image-7-sept-2025-07_38_28-p.m-1024x683.png 1024w, https:\/\/ilusionfess.com\/wp-content\/uploads\/2025\/09\/ChatGPT-Image-7-sept-2025-07_38_28-p.m-300x200.png 300w, https:\/\/ilusionfess.com\/wp-content\/uploads\/2025\/09\/ChatGPT-Image-7-sept-2025-07_38_28-p.m-768x512.png 768w, https:\/\/ilusionfess.com\/wp-content\/uploads\/2025\/09\/ChatGPT-Image-7-sept-2025-07_38_28-p.m-600x400.png 600w, https:\/\/ilusionfess.com\/wp-content\/uploads\/2025\/09\/ChatGPT-Image-7-sept-2025-07_38_28-p.m.png 1536w\" sizes=\"(max-width: 1024px) 100vw, 1024px\" \/>\t\t\t\t\t\t\t\t\t\t\t\t\t\t\t<\/div>\n\t\t\t\t<div class=\"elementor-element elementor-element-1dbfbf7 elementor-widget elementor-widget-heading\" data-id=\"1dbfbf7\" data-element_type=\"widget\" data-widget_type=\"heading.default\">\n\t\t\t\t\t<h2 class=\"elementor-heading-title elementor-size-default\">Vasos, Platos y Cubiertos<\/h2>\t\t\t\t<\/div>\n\t\t\t\t<\/div>\n\t\t\t\t\t<\/div>\n\t\t\t\t<\/div>\n\t\t<div class=\"elementor-element elementor-element-878ea26 e-flex e-con-boxed e-con e-parent\" data-id=\"878ea26\" data-element_type=\"container\">\n\t\t\t\t\t<div class=\"e-con-inner\">\n\t\t\t\t<div class=\"elementor-element elementor-element-d72cefd elementor-widget elementor-widget-heading\" data-id=\"d72cefd\" data-element_type=\"widget\" data-widget_type=\"heading.default\">\n\t\t\t\t\t<h1 class=\"elementor-heading-title elementor-size-default\">M\u00e1s que alquilar, hacemos realidad tus Sue\u00f1os<\/h1>\t\t\t\t<\/div>\n\t\t\t\t\t<\/div>\n\t\t\t\t<\/div>\n\t\t<div class=\"elementor-element elementor-element-d6579ae e-flex e-con-boxed e-con e-parent\" data-id=\"d6579ae\" data-element_type=\"container\">\n\t\t\t\t\t<div class=\"e-con-inner\">\n\t\t\t\t<div class=\"elementor-element elementor-element-5e38b5c elementor-widget elementor-widget-image\" data-id=\"5e38b5c\" data-element_type=\"widget\" data-widget_type=\"image.default\">\n\t\t\t\t\t\t\t\t\t\t\t\t\t\t\t<img loading=\"lazy\" decoding=\"async\" width=\"1920\" height=\"1080\" src=\"https:\/\/ilusionfess.com\/wp-content\/uploads\/2025\/09\/Alquiler-de-Equipos-para-Fiestas-en-Chiriqui-3.png\" class=\"attachment-full size-full wp-image-61\" alt=\"\" srcset=\"https:\/\/ilusionfess.com\/wp-content\/uploads\/2025\/09\/Alquiler-de-Equipos-para-Fiestas-en-Chiriqui-3.png 1920w, https:\/\/ilusionfess.com\/wp-content\/uploads\/2025\/09\/Alquiler-de-Equipos-para-Fiestas-en-Chiriqui-3-300x169.png 300w, https:\/\/ilusionfess.com\/wp-content\/uploads\/2025\/09\/Alquiler-de-Equipos-para-Fiestas-en-Chiriqui-3-1024x576.png 1024w, https:\/\/ilusionfess.com\/wp-content\/uploads\/2025\/09\/Alquiler-de-Equipos-para-Fiestas-en-Chiriqui-3-768x432.png 768w, https:\/\/ilusionfess.com\/wp-content\/uploads\/2025\/09\/Alquiler-de-Equipos-para-Fiestas-en-Chiriqui-3-1536x864.png 1536w, https:\/\/ilusionfess.com\/wp-content\/uploads\/2025\/09\/Alquiler-de-Equipos-para-Fiestas-en-Chiriqui-3-600x338.png 600w\" sizes=\"(max-width: 1920px) 100vw, 1920px\" \/>\t\t\t\t\t\t\t\t\t\t\t\t\t\t\t<\/div>\n\t\t\t\t\t<\/div>\n\t\t\t\t<\/div>\n\t\t<div class=\"elementor-element elementor-element-cdfd1b7 e-flex e-con-boxed e-con e-parent\" data-id=\"cdfd1b7\" data-element_type=\"container\">\n\t\t\t\t\t<div class=\"e-con-inner\">\n\t\t\t\t<div class=\"elementor-element elementor-element-ec1a036 elementor-widget elementor-widget-heading\" data-id=\"ec1a036\" data-element_type=\"widget\" data-widget_type=\"heading.default\">\n\t\t\t\t\t<h2 class=\"elementor-heading-title elementor-size-default\">Solicita una Cotizaci\u00f3n<\/h2>\t\t\t\t<\/div>\n\t\t\t\t\t<\/div>\n\t\t\t\t<\/div>\n\t\t<div class=\"elementor-element elementor-element-b6d8932 e-flex e-con-boxed e-con e-parent\" data-id=\"b6d8932\" data-element_type=\"container\" data-settings=\"{&quot;background_background&quot;:&quot;classic&quot;}\">\n\t\t\t\t\t<div class=\"e-con-inner\">\n\t\t\t\t<div class=\"elementor-element elementor-element-1fd2f06 elementor-widget elementor-widget-wpforms\" data-id=\"1fd2f06\" data-element_type=\"widget\" data-widget_type=\"wpforms.default\">\n\t\t\t\t<div class=\"elementor-widget-container\">\n\t\t\t\t\t<div class=\"wpforms-container wpforms-container-full wpforms-render-modern\" id=\"wpforms-70\"><form id=\"wpforms-form-70\" class=\"wpforms-validate wpforms-form wpforms-ajax-form\" data-formid=\"70\" method=\"post\" enctype=\"multipart\/form-data\" action=\"\/index.php?rest_route=%2Fwp%2Fv2%2Fpages%2F14\" data-token=\"ea7b86a11deae3985cd1d07615251699\" data-token-time=\"1776418791\"><noscript class=\"wpforms-error-noscript\">Por favor, activa JavaScript en tu navegador para completar este formulario.<\/noscript><div id=\"wpforms-error-noscript\" style=\"display: none;\">Por favor, activa JavaScript en tu navegador para completar este formulario.<\/div><div class=\"wpforms-field-container\">\t\t<div id=\"wpforms-70-field_4-container\"\n\t\t\tclass=\"wpforms-field wpforms-field-text\"\n\t\t\tdata-field-type=\"text\"\n\t\t\tdata-field-id=\"4\"\n\t\t\t>\n\t\t\t<label class=\"wpforms-field-label\" for=\"wpforms-70-field_4\" >Celular Nombre )<\/label>\n\t\t\t<input type=\"text\" id=\"wpforms-70-field_4\" class=\"wpforms-field-medium\" name=\"wpforms[fields][4]\" >\n\t\t<\/div>\n\t\t<div id=\"wpforms-70-field_1-container\" class=\"wpforms-field wpforms-field-name\" data-field-id=\"1\"><fieldset><legend class=\"wpforms-field-label\">Nombre <span class=\"wpforms-required-label\" aria-hidden=\"true\">*<\/span><\/legend><div class=\"wpforms-field-row wpforms-field-medium\"><div class=\"wpforms-field-row-block wpforms-first wpforms-one-half\"><input type=\"text\" id=\"wpforms-70-field_1\" class=\"wpforms-field-name-first wpforms-field-required\" name=\"wpforms[fields][1][first]\" aria-errormessage=\"wpforms-70-field_1-error\" required><label for=\"wpforms-70-field_1\" class=\"wpforms-field-sublabel after\">Nombre<\/label><\/div><div class=\"wpforms-field-row-block wpforms-one-half\"><input type=\"text\" id=\"wpforms-70-field_1-last\" class=\"wpforms-field-name-last wpforms-field-required\" name=\"wpforms[fields][1][last]\" aria-errormessage=\"wpforms-70-field_1-last-error\" required><label for=\"wpforms-70-field_1-last\" class=\"wpforms-field-sublabel after\">Apellidos<\/label><\/div><\/div><\/fieldset><\/div><div id=\"wpforms-70-field_6-container\" class=\"wpforms-field wpforms-field-text\" data-field-id=\"6\"><label class=\"wpforms-field-label\" for=\"wpforms-70-field_6\">Celular <span class=\"wpforms-required-label\" aria-hidden=\"true\">*<\/span><\/label><input type=\"text\" id=\"wpforms-70-field_6\" class=\"wpforms-field-medium wpforms-field-required\" name=\"wpforms[fields][6]\" aria-errormessage=\"wpforms-70-field_6-error\" required><\/div><div id=\"wpforms-70-field_2-container\" class=\"wpforms-field wpforms-field-email\" data-field-id=\"2\"><label class=\"wpforms-field-label\" for=\"wpforms-70-field_2\">Correo electr\u00f3nico <span class=\"wpforms-required-label\" aria-hidden=\"true\">*<\/span><\/label><input type=\"email\" id=\"wpforms-70-field_2\" class=\"wpforms-field-medium wpforms-field-required\" name=\"wpforms[fields][2]\" spellcheck=\"false\" aria-errormessage=\"wpforms-70-field_2-error\" required><\/div><div id=\"wpforms-70-field_5-container\" class=\"wpforms-field wpforms-field-select wpforms-field-select-style-classic\" data-field-id=\"5\"><label class=\"wpforms-field-label\" for=\"wpforms-70-field_5\">Tipo De Evento <span class=\"wpforms-required-label\" aria-hidden=\"true\">*<\/span><\/label><select id=\"wpforms-70-field_5\" class=\"wpforms-field-medium wpforms-field-required\" name=\"wpforms[fields][5]\" required=\"required\"><option value=\"\" class=\"placeholder\" disabled  selected='selected'>-- Selecciona la opci\u00f3n --<\/option><option value=\"Boda\" >Boda<\/option><option value=\"Cumplea\u00f1os\" >Cumplea\u00f1os<\/option><option value=\"Bautizo\" >Bautizo<\/option><option value=\"Graduaci\u00f3n\" >Graduaci\u00f3n<\/option><option value=\"Quincea\u00f1os\" >Quincea\u00f1os<\/option><option value=\"Corporativo\" >Corporativo<\/option><option value=\"Navidad y\/o A\u00f1o Nuevo\" >Navidad y\/o A\u00f1o Nuevo<\/option><option value=\"Otros\" >Otros<\/option><\/select><\/div><div id=\"wpforms-70-field_3-container\" class=\"wpforms-field wpforms-field-textarea\" data-field-id=\"3\"><label class=\"wpforms-field-label\" for=\"wpforms-70-field_3\">Que Productos Requiere ( Opcional )<\/label><textarea id=\"wpforms-70-field_3\" class=\"wpforms-field-medium\" name=\"wpforms[fields][3]\" aria-errormessage=\"wpforms-70-field_3-error\" ><\/textarea><\/div><script>\n\t\t\t\t( function() {\n\t\t\t\t\tconst style = document.createElement( 'style' );\n\t\t\t\t\tstyle.appendChild( document.createTextNode( '#wpforms-70-field_4-container { position: absolute !important; overflow: hidden !important; display: inline !important; height: 1px !important; width: 1px !important; z-index: -1000 !important; padding: 0 !important; } #wpforms-70-field_4-container input { visibility: hidden; } #wpforms-conversational-form-page #wpforms-70-field_4-container label { counter-increment: none; }' ) );\n\t\t\t\t\tdocument.head.appendChild( style );\n\t\t\t\t\tdocument.currentScript?.remove();\n\t\t\t\t} )();\n\t\t\t<\/script><\/div><!-- .wpforms-field-container --><div class=\"wpforms-submit-container\" ><input type=\"hidden\" name=\"wpforms[id]\" value=\"70\"><input type=\"hidden\" name=\"page_title\" value=\"\"><input type=\"hidden\" name=\"page_url\" value=\"https:\/\/ilusionfess.com\/index.php?rest_route=\/wp\/v2\/pages\/14\"><input type=\"hidden\" name=\"url_referer\" value=\"\"><button type=\"submit\" name=\"wpforms[submit]\" id=\"wpforms-submit-70\" class=\"wpforms-submit\" data-alt-text=\"Enviando...\" data-submit-text=\"Enviar\" aria-live=\"assertive\" value=\"wpforms-submit\">Enviar<\/button><img loading=\"lazy\" decoding=\"async\" src=\"https:\/\/ilusionfess.com\/wp-content\/plugins\/wpforms-lite\/assets\/images\/submit-spin.svg\" class=\"wpforms-submit-spinner\" style=\"display: none;\" width=\"26\" height=\"26\" alt=\"Cargando\"><\/div><\/form><\/div>  <!-- .wpforms-container -->\t\t\t\t<\/div>\n\t\t\t\t<\/div>\n\t\t\t\t\t<\/div>\n\t\t\t\t<\/div>\n\t\t\t\t<\/div>\n\t\t","protected":false},"excerpt":{"rendered":"<p>Sillas Mesas Manteles Vasos, Platos y Cubiertos M\u00e1s que alquilar, hacemos realidad tus Sue\u00f1os Solicita una Cotizaci\u00f3n Por favor, activa [&hellip;]<\/p>\n","protected":false},"author":1,"featured_media":0,"parent":0,"menu_order":0,"comment_status":"closed","ping_status":"closed","template":"","meta":{"site-sidebar-layout":"no-sidebar","site-content-layout":"","ast-site-content-layout":"full-width-container","site-content-style":"default","site-sidebar-style":"default","ast-global-header-display":"","ast-banner-title-visibility":"","ast-main-header-display":"","ast-hfb-above-header-display":"","ast-hfb-below-header-display":"","ast-hfb-mobile-header-display":"","site-post-title":"","ast-breadcrumbs-content":"","ast-featured-img":"disabled","footer-sml-layout":"","theme-transparent-header-meta":"","adv-header-id-meta":"","stick-header-meta":"","header-above-stick-meta":"","header-main-stick-meta":"","header-below-stick-meta":"","astra-migrate-meta-layouts":"default","ast-page-background-enabled":"default","ast-page-background-meta":{"desktop":{"background-color":"var(--ast-global-color-5)","background-image":"","background-repeat":"repeat","background-position":"center center","background-size":"auto","background-attachment":"scroll","background-type":"","background-media":"","overlay-type":"","overlay-color":"","overlay-opacity":"","overlay-gradient":""},"tablet":{"background-color":"","background-image":"","background-repeat":"repeat","background-position":"center center","background-size":"auto","background-attachment":"scroll","background-type":"","background-media":"","overlay-type":"","overlay-color":"","overlay-opacity":"","overlay-gradient":""},"mobile":{"background-color":"","background-image":"","background-repeat":"repeat","background-position":"center center","background-size":"auto","background-attachment":"scroll","background-type":"","background-media":"","overlay-type":"","overlay-color":"","overlay-opacity":"","overlay-gradient":""}},"ast-content-background-meta":{"desktop":{"background-color":"var(--ast-global-color-4)","background-image":"","background-repeat":"repeat","background-position":"center center","background-size":"auto","background-attachment":"scroll","background-type":"","background-media":"","overlay-type":"","overlay-color":"","overlay-opacity":"","overlay-gradient":""},"tablet":{"background-color":"var(--ast-global-color-4)","background-image":"","background-repeat":"repeat","background-position":"center center","background-size":"auto","background-attachment":"scroll","background-type":"","background-media":"","overlay-type":"","overlay-color":"","overlay-opacity":"","overlay-gradient":""},"mobile":{"background-color":"var(--ast-global-color-4)","background-image":"","background-repeat":"repeat","background-position":"center center","background-size":"auto","background-attachment":"scroll","background-type":"","background-media":"","overlay-type":"","overlay-color":"","overlay-opacity":"","overlay-gradient":""}},"footnotes":""},"class_list":["post-14","page","type-page","status-publish","hentry"],"jetpack_sharing_enabled":true,"_links":{"self":[{"href":"https:\/\/ilusionfess.com\/index.php?rest_route=\/wp\/v2\/pages\/14","targetHints":{"allow":["GET"]}}],"collection":[{"href":"https:\/\/ilusionfess.com\/index.php?rest_route=\/wp\/v2\/pages"}],"about":[{"href":"https:\/\/ilusionfess.com\/index.php?rest_route=\/wp\/v2\/types\/page"}],"author":[{"embeddable":true,"href":"https:\/\/ilusionfess.com\/index.php?rest_route=\/wp\/v2\/users\/1"}],"replies":[{"embeddable":true,"href":"https:\/\/ilusionfess.com\/index.php?rest_route=%2Fwp%2Fv2%2Fcomments&post=14"}],"version-history":[{"count":5,"href":"https:\/\/ilusionfess.com\/index.php?rest_route=\/wp\/v2\/pages\/14\/revisions"}],"predecessor-version":[{"id":95,"href":"https:\/\/ilusionfess.com\/index.php?rest_route=\/wp\/v2\/pages\/14\/revisions\/95"}],"wp:attachment":[{"href":"https:\/\/ilusionfess.com\/index.php?rest_route=%2Fwp%2Fv2%2Fmedia&parent=14"}],"curies":[{"name":"wp","href":"https:\/\/api.w.org\/{rel}","templated":true}]}}